{"id":91,"date":"2014-09-05T15:08:20","date_gmt":"2014-09-05T14:08:20","guid":{"rendered":"https:\/\/www.motoblouz.com\/enjoytheride\/?page_id=91"},"modified":"2016-07-26T16:47:14","modified_gmt":"2016-07-26T15:47:14","slug":"enjoytheride-passion-moto-actus-essais-dequipement-motard","status":"publish","type":"page","link":"https:\/\/www.motoblouz.com\/enjoytheride\/","title":{"rendered":"#EnjoyTheRide &#8211; passion moto, actus &amp; essais d&rsquo;\u00e9quipement motard"},"content":{"rendered":"","protected":false},"excerpt":{"rendered":"","protected":false},"author":6,"featured_media":0,"parent":0,"menu_order":0,"comment_status":"open","ping_status":"open","template":"homepage.php","meta":{"inline_featured_image":false,"footnotes":""},"yoast":{"focuskw":"enjoytheride","title":"EnjoyTheRide : Tout l'univers moto de Motoblouz.com","metadesc":"Retrouvez l'actualit\u00e9 moto, les tests d'\u00e9quipements motard, les essais produits moto ainsi que les tutos moto r\u00e9dig\u00e9s par des experts passionn\u00e9s !","linkdex":"30","metakeywords":"","meta-robots-noindex":"","meta-robots-nofollow":"","meta-robots-adv":"","canonical":"","redirect":"","opengraph-title":"","opengraph-description":"","opengraph-image":"","twitter-title":"","twitter-description":"","twitter-image":""},"amp_enabled":true,"_links":{"self":[{"href":"https:\/\/www.motoblouz.com\/enjoytheride\/wp-json\/wp\/v2\/pages\/91"}],"collection":[{"href":"https:\/\/www.motoblouz.com\/enjoytheride\/wp-json\/wp\/v2\/pages"}],"about":[{"href":"https:\/\/www.motoblouz.com\/enjoytheride\/wp-json\/wp\/v2\/types\/page"}],"author":[{"embeddable":true,"href":"https:\/\/www.motoblouz.com\/enjoytheride\/wp-json\/wp\/v2\/users\/6"}],"replies":[{"embeddable":true,"href":"https:\/\/www.motoblouz.com\/enjoytheride\/wp-json\/wp\/v2\/comments?post=91"}],"version-history":[{"count":0,"href":"https:\/\/www.motoblouz.com\/enjoytheride\/wp-json\/wp\/v2\/pages\/91\/revisions"}],"wp:attachment":[{"href":"https:\/\/www.motoblouz.com\/enjoytheride\/wp-json\/wp\/v2\/media?parent=91"}],"curies":[{"name":"wp","href":"https:\/\/api.w.org\/{rel}","templated":true}]}}