{"id":9131,"date":"2016-09-22T13:42:36","date_gmt":"2016-09-22T12:42:36","guid":{"rendered":"https:\/\/www.motoblouz.com\/enjoytheride\/?page_id=9131"},"modified":"2016-09-22T16:49:57","modified_gmt":"2016-09-22T15:49:57","slug":"nos-redacteurs","status":"publish","type":"page","link":"https:\/\/www.motoblouz.com\/enjoytheride\/nos-redacteurs","title":{"rendered":"Nos r\u00e9dacteurs"},"content":{"rendered":"<p>Chacun sa pratique&#8230; Motardes et motards, les r\u00e9dacteurs d&rsquo;#EnjoyTheRide ont tous un domaine de pr\u00e9dilection.<br \/>\nIls partagent n\u00e9anmoins une seule et m\u00eame passion de fond : celle de la moto ! D\u00e9couvrez qui ils sont et plongez dans les articles qu&rsquo;ils ont \u00e9crits pour vous.<\/p>\n","protected":false},"excerpt":{"rendered":"<p>Chacun sa pratique&#8230; Motardes et motards, les r\u00e9dacteurs d&rsquo;#EnjoyTheRide ont tous un domaine de pr\u00e9dilection. Ils partagent n\u00e9anmoins une seule et m\u00eame passion de fond : celle de la moto ! D\u00e9couvrez qui ils sont et plongez dans les articles qu&rsquo;ils ont \u00e9crits pour vous.<\/p>\n","protected":false},"author":19,"featured_media":0,"parent":0,"menu_order":0,"comment_status":"closed","ping_status":"closed","template":"","meta":{"inline_featured_image":false,"footnotes":""},"yoast":{"focuskw":"","title":"","metadesc":"","linkdex":"","metakeywords":"","meta-robots-noindex":"","meta-robots-nofollow":"","meta-robots-adv":"","canonical":"","redirect":"","opengraph-title":"","opengraph-description":"","opengraph-image":"","twitter-title":"","twitter-description":"","twitter-image":""},"amp_enabled":true,"_links":{"self":[{"href":"https:\/\/www.motoblouz.com\/enjoytheride\/wp-json\/wp\/v2\/pages\/9131"}],"collection":[{"href":"https:\/\/www.motoblouz.com\/enjoytheride\/wp-json\/wp\/v2\/pages"}],"about":[{"href":"https:\/\/www.motoblouz.com\/enjoytheride\/wp-json\/wp\/v2\/types\/page"}],"author":[{"embeddable":true,"href":"https:\/\/www.motoblouz.com\/enjoytheride\/wp-json\/wp\/v2\/users\/19"}],"replies":[{"embeddable":true,"href":"https:\/\/www.motoblouz.com\/enjoytheride\/wp-json\/wp\/v2\/comments?post=9131"}],"version-history":[{"count":0,"href":"https:\/\/www.motoblouz.com\/enjoytheride\/wp-json\/wp\/v2\/pages\/9131\/revisions"}],"wp:attachment":[{"href":"https:\/\/www.motoblouz.com\/enjoytheride\/wp-json\/wp\/v2\/media?parent=9131"}],"curies":[{"name":"wp","href":"https:\/\/api.w.org\/{rel}","templated":true}]}}